{"id":652,"date":"2020-01-27T12:25:16","date_gmt":"2020-01-27T11:25:16","guid":{"rendered":"https:\/\/hersenolympiade.nl\/?page_id=652"},"modified":"2022-01-07T09:58:31","modified_gmt":"2022-01-07T08:58:31","slug":"english-acknowledgements","status":"publish","type":"page","link":"https:\/\/hersenolympiade.nl\/en\/english-acknowledgements\/","title":{"rendered":"Acknowledgements"},"content":{"rendered":"<p><\/p>\n<h1 style=\"text-align: left;\">2021 &#8211; Online<\/h1>\n<h3 style=\"text-align: left;\">Sponsors:<\/h3>\n<p>Donders Institute, Hersenstichting, Brein in Beeld, SOWISO, Wolters-Kluwer, DNO, UvA<\/p>\n<h3 style=\"text-align: left;\">Team Brain Olympiad:<\/h3>\n<p style=\"text-align: left;\">Suzanne Miedema, Mandy Kater, Julia van Adrichem, Noa IJdo, Feline Benavides, K\u00fcbra G\u00fclmez Karaca, Sne\u017eana Stankovi\u0107, Ralf Weijs, Tido Bergmans<\/p>\n<h3 style=\"text-align: left;\"><a href=\"https:\/\/hersenolympiade.nl\/en\/werkgroep-computational-neuroscience-en-ai\/\">AI &amp; Computation Neuroscience workgroup<\/a><\/h3>\n<h3 style=\"text-align: left;\">Anatomy Workshop: <a href=\"https:\/\/breininbeeld.org\/\">Brein in Beeld<\/a><\/h3>\n<p>Piet Bouwman, Hanneke Hulst<\/p>\n<h3 style=\"text-align: left;\">Brain Expo:<\/h3>\n<p>dr. Tonny Mulder (Universtity of Amsterdam), Laura Geurts (Donders Institute), Koko Beers (Hersenstichting), Nils Hendrix (Tilburg University)<\/p>\n<h3 style=\"text-align: left;\">Keynote Speaker &amp; Judges:<\/h3>\n<p>dr. Sabine Spijker (keynote), dr. Tonny Mulder, dr. Carien Lansink<\/p>\n<h1 style=\"text-align: left;\">2020 &#8211; Nijmegen<\/h1>\n<h3 style=\"text-align: left;\">Team Nijmegen<\/h3>\n<p style=\"text-align: left;\">Selma Lugtmeier, Additya Sharma, Tido Bergmans, Jesse Heckman, Mandy Meijer<\/p>\n<h3 style=\"text-align: left;\">Volunteers<\/h3>\n<p>Xenia Sterl, Anke Rademaker, Randi Goerts<\/p>\n<h3 style=\"text-align: left;\">Judges<\/h3>\n<p style=\"text-align: left;\">Roshan Cools, Judith Homberg, Harold Bekkering<\/p>\n<h3 style=\"text-align: left;\">Keynote Speaker<\/h3>\n<p>Harold Bekkering<\/p>\n<h3 style=\"text-align: left;\">Anatomy Workshop: <a href=\"https:\/\/breininbeeld.org\/\">Brein in Beeld<\/a><\/h3>\n<h3>Photographer: <a href=\"https:\/\/www.instagram.com\/nicky_kapel_fotografie\/\">Nicky Kapel<\/a><\/h3>\n<h3 style=\"text-align: left;\">Brain Expo<\/h3>\n<p style=\"text-align: left;\"><strong>Donders Institute<\/strong>: Arne van Setten, Richard van Wezel, Bernhard Englitz, Artoghrul Alishbayli, Bram Elevelt<\/p>\n<h3 style=\"text-align: left;\">Other<\/h3>\n<p style=\"text-align: left;\"><strong>Donders Institute<\/strong>: Tildie Stijns, Roeland Segeren, Roselyne Chauvin<\/p>\n<h1 style=\"text-align: left;\">2020 &#8211; Amsterdam<\/h1>\n<h3 style=\"text-align: left;\">Team Amsterdam<\/h3>\n<p>Suzanne Miedema, Mandy Kater, Feline Benavides, Noa IJdo, Mana Fazel<\/p>\n<h3 style=\"text-align: left;\">Volunteers<\/h3>\n<p>Sanne Oud, Iris Miedema, Nivole Terpstra, Anne Marijn de Bruin, Kyra Swildens, Dominique Weltevreden, Selma Lugtmeijer, Miao Chen, Julia Julgershuis, Piet Bouwman<\/p>\n<h3 style=\"text-align: left;\">Judges<\/h3>\n<p style=\"text-align: left;\">Tonny Mulder, Wouter van den Bos, Ronald van Kesteren<\/p>\n<h3 style=\"text-align: left;\">Keynote Speaker<\/h3>\n<p>Dr. Wiep Scheper<\/p>\n<h3 style=\"text-align: left;\">Anatomy Workshop: <a href=\"https:\/\/breininbeeld.org\/\">Brein in Beeld<\/a><\/h3>\n<h3>Photographer: Anne Marijn Bruijn<\/h3>\n<h3>Brain Expo<\/h3>\n<p><strong>UvA Psychobiology:<\/strong> Dominique, Esrio, and dr. Tonny Mulder<\/p>\n<p><strong>VU Center for Neurogenomics and Cognitive Research:<\/strong> Mandy Kater, Miao Chen.<\/p>\n<h1 style=\"text-align: left;\">2019 &#8211; Nijmegen<\/h1>\n<h3 style=\"text-align: left;\">Volunteers<\/h3>\n<p style=\"text-align: left;\">Noor van Vugt, Alena Clim, Marlies Hiemstra, Shadi Saee, Mandy Meijer<\/p>\n<h3 style=\"text-align: left;\">Judges<\/h3>\n<p style=\"text-align: left;\">Tansu Celikel, Marloes Henckens, Lisa Genzel<\/p>\n<h3 style=\"text-align: left;\">Keynote Speaker<\/h3>\n<p style=\"text-align: left;\">Hanneke den Ouden<\/p>\n<h3 style=\"text-align: left;\">Anatomy Workshop: <a href=\"https:\/\/breininbeeld.org\/\">Brein in Beeld<\/a><\/h3>\n<p style=\"text-align: left;\">Julia Jelgerhuis, Piet Bouman, Matthijs Keyzer,\u00a0 Simon Bakker, A. van Loenhout<\/p>\n<h3 style=\"text-align: left;\">Brain Expo<\/h3>\n<p style=\"text-align: left;\"><strong>Marveloud Minds<\/strong>: Catheleine van Driel<\/p>\n<p style=\"text-align: left;\"><strong>UvA\/HBP<\/strong>: Thijs Ruikes, Julien Fiorilli<\/p>\n<p style=\"text-align: left;\"><strong>Tilburg University<\/strong>: Julija Vaitonyt\u0117, Ronja R\u00f6nnback, Dan Hudson<\/p>\n<p style=\"text-align: left;\"><strong>Donders Institute<\/strong>:\u00a0 Randi Goertz, Sarita Dam<\/p>\n<p style=\"text-align: left;\"><strong>UvA Psychobiologie<\/strong>: Feline Benavides<\/p>\n<h3 style=\"text-align: left;\">Other<\/h3>\n<p style=\"text-align: left;\"><strong>Donders Institute<\/strong>: Tildie Stijns, Roeland Segeren, Roselyne Chauvin<\/p>\n<p style=\"text-align: left;\">\u00a0<\/p>\n<p><\/p>","protected":false},"excerpt":{"rendered":"<p>2021 &#8211; Online Sponsors: Donders Institute, Hersenstichting, Brein in Beeld, SOWISO, Wolters-Kluwer, DNO, UvA Team Brain Olympiad: Suzanne Miedema, Mandy Kater, Julia van Adrichem, Noa IJdo, Feline Benavides, K\u00fcbra G\u00fclmez Karaca, Sne\u017eana Stankovi\u0107, Ralf Weijs, Tido Bergmans AI &amp; Computation &hellip; <a href=\"https:\/\/hersenolympiade.nl\/en\/english-acknowledgements\/\"><em>Lees verder<span class=\"meta-nav\">&#8230;<\/span><\/em><\/a><\/em><\/p>\n","protected":false},"author":2,"featured_media":0,"parent":0,"menu_order":0,"comment_status":"closed","ping_status":"closed","template":"","meta":{"_acf_changed":false,"footnotes":""},"class_list":["post-652","page","type-page","status-publish","hentry"],"acf":[],"_links":{"self":[{"href":"https:\/\/hersenolympiade.nl\/en\/wp-json\/wp\/v2\/pages\/652","targetHints":{"allow":["GET"]}}],"collection":[{"href":"https:\/\/hersenolympiade.nl\/en\/wp-json\/wp\/v2\/pages"}],"about":[{"href":"https:\/\/hersenolympiade.nl\/en\/wp-json\/wp\/v2\/types\/page"}],"author":[{"embeddable":true,"href":"https:\/\/hersenolympiade.nl\/en\/wp-json\/wp\/v2\/users\/2"}],"replies":[{"embeddable":true,"href":"https:\/\/hersenolympiade.nl\/en\/wp-json\/wp\/v2\/comments?post=652"}],"version-history":[{"count":23,"href":"https:\/\/hersenolympiade.nl\/en\/wp-json\/wp\/v2\/pages\/652\/revisions"}],"predecessor-version":[{"id":1116,"href":"https:\/\/hersenolympiade.nl\/en\/wp-json\/wp\/v2\/pages\/652\/revisions\/1116"}],"wp:attachment":[{"href":"https:\/\/hersenolympiade.nl\/en\/wp-json\/wp\/v2\/media?parent=652"}],"curies":[{"name":"wp","href":"https:\/\/api.w.org\/{rel}","templated":true}]}}